{"id":123,"date":"2020-04-28T17:49:09","date_gmt":"2020-04-28T15:49:09","guid":{"rendered":"http:\/\/puertadeafrica.com\/?page_id=123"},"modified":"2020-04-28T17:49:09","modified_gmt":"2020-04-28T15:49:09","slug":"colaboracion-guiada","status":"publish","type":"page","link":"https:\/\/revista.puertadeafrica.com\/index.php\/colaboracion-guiada\/","title":{"rendered":"Colaboraci\u00f3n guiada"},"content":{"rendered":"\n<div class=\"wp-block-cover alignfull has-background-dim-70 has-primary-background-color has-background-dim is-style-default\" style=\"background-image:url('https:\/\/puertadeafrica.files.wordpress.com\/2020\/04\/dsc_0504.jpg');background-position:50% 50%;\"><div class=\"wp-block-cover__inner-container\">\n<div style=\"height:20px;\" aria-hidden=\"true\" class=\"wp-block-spacer\"><\/div>\n\n\n\n<p class=\"has-text-align-center\">Es emocionante ver a la juventud interesada en \u00c1frica y poder colaborar con vosotros por vuestro crecimiento laboral adem\u00e1s de la difusi\u00f3n de la realidad continental y el desarrollo econ\u00f3mico y social de las regiones que lo componen.<\/p>\n\n\n\n<p class=\"has-text-align-center\">La colaboraci\u00f3n con la Puerta de \u00c1frica es muy sencilla: vosotros propon\u00e9is un tema y nosotros os acompa\u00f1amos en el&nbsp;proceso de redacci\u00f3n y correcci\u00f3n, adem\u00e1s resolvemos aquellas dudas que pod\u00e1is tener por desconocer el continente y sus din\u00e1micas. Ahora somos una organizaci\u00f3n muy peque\u00f1ita y tenemos limitaciones pero en la medida de lo posible os pondremos en contacto con mentores y organizaremos peque\u00f1as formaciones para que pod\u00e1is mejorar vuestras habilidades de investigaci\u00f3n.<\/p>\n<\/div><\/div>\n\n\n\n<div style=\"height:71px;\" aria-hidden=\"true\" class=\"wp-block-spacer\"><\/div>\n\n\n\n<p class=\"has-text-align-center\">Si quieres participar env\u00edanos un email a <a href=\"mailto:euroafricanos@gmail.com\">euroafricanos@gmail.com<\/a><\/p>\n\n\n\n<div style=\"height:27px;\" aria-hidden=\"true\" class=\"wp-block-spacer\"><\/div>\n\n\n\n<div class=\"wp-block-group alignfull has-background-background-color has-background\"><div class=\"wp-block-group__inner-container is-layout-flow\">\n<div class=\"wp-block-columns alignwide is-layout-flex wp-container-5\">\n<div class=\"wp-block-column is-layout-flow\">\n<hr class=\"wp-block-separator is-style-wide\" \/>\n\n\n\n<p class=\"has-text-align-center margin-bottom-none has-normal-font-size\"><strong>Colaboraciones en curso<\/strong><\/p>\n\n\n\n<p class=\"has-text-align-center margin-top-none margin-bottom-half has-custom-size\" style=\"font-size:50px;\"><strong>3<\/strong><\/p>\n\n\n\n<hr class=\"wp-block-separator is-style-wide margin-top-half\" \/>\n<\/div>\n\n\n\n<div class=\"wp-block-column is-layout-flow\">\n<hr class=\"wp-block-separator is-style-wide\" \/>\n\n\n\n<p class=\"has-text-align-center margin-bottom-none has-normal-font-size\"><strong>Investigaciones publicadas<\/strong><\/p>\n\n\n\n<p class=\"has-text-align-center margin-top-none margin-bottom-half has-custom-size\" style=\"font-size:50px;\"><strong>0<\/strong><\/p>\n\n\n\n<hr class=\"wp-block-separator is-style-wide margin-top-half\" \/>\n<\/div>\n\n\n\n<div class=\"wp-block-column is-layout-flow\">\n<hr class=\"wp-block-separator is-style-wide\" \/>\n\n\n\n<p class=\"has-text-align-center margin-bottom-none has-normal-font-size\"><strong>Art\u00edculos publicados<\/strong><\/p>\n\n\n\n<p class=\"has-text-align-center margin-top-none margin-bottom-half has-custom-size\" style=\"font-size:50px;\"><strong>0<\/strong><\/p>\n\n\n\n<hr class=\"wp-block-separator is-style-wide margin-top-half\" \/>\n\n\n\n<p><\/p>\n<\/div>\n\n\n\n<div class=\"wp-block-column is-layout-flow\">\n<hr class=\"wp-block-separator is-style-wide\" \/>\n\n\n\n<p class=\"has-text-align-center margin-bottom-none has-normal-font-size\"><strong>Plazas<\/strong><\/p>\n\n\n\n<p class=\"has-text-align-center margin-bottom-none has-normal-font-size\"><strong> disponibles<\/strong><\/p>\n\n\n\n<p class=\"has-text-align-center margin-top-none margin-bottom-half has-custom-size\" style=\"font-size:50px;\"><strong>5<\/strong><\/p>\n\n\n\n<hr class=\"wp-block-separator is-style-wide margin-top-half\" \/>\n\n\n\n<p><\/p>\n<\/div>\n<\/div>\n<\/div><\/div>\n","protected":false},"excerpt":{"rendered":"<p>Si quieres participar env\u00edanos un email a euroafricanos@gmail.com Colaboraciones en curso 3 Investigaciones publicadas 0 Art\u00edculos publicados 0 Plazas disponibles 5<\/p>\n","protected":false},"author":1,"featured_media":0,"parent":0,"menu_order":0,"comment_status":"closed","ping_status":"closed","template":"","meta":{"_monsterinsights_skip_tracking":false,"_monsterinsights_sitenote_active":false,"_monsterinsights_sitenote_note":"","_monsterinsights_sitenote_category":0},"ppma_author":[410],"_links":{"self":[{"href":"https:\/\/revista.puertadeafrica.com\/index.php\/wp-json\/wp\/v2\/pages\/123"}],"collection":[{"href":"https:\/\/revista.puertadeafrica.com\/index.php\/wp-json\/wp\/v2\/pages"}],"about":[{"href":"https:\/\/revista.puertadeafrica.com\/index.php\/wp-json\/wp\/v2\/types\/page"}],"author":[{"embeddable":true,"href":"https:\/\/revista.puertadeafrica.com\/index.php\/wp-json\/wp\/v2\/users\/1"}],"replies":[{"embeddable":true,"href":"https:\/\/revista.puertadeafrica.com\/index.php\/wp-json\/wp\/v2\/comments?post=123"}],"version-history":[{"count":0,"href":"https:\/\/revista.puertadeafrica.com\/index.php\/wp-json\/wp\/v2\/pages\/123\/revisions"}],"wp:attachment":[{"href":"https:\/\/revista.puertadeafrica.com\/index.php\/wp-json\/wp\/v2\/media?parent=123"}],"wp:term":[{"taxonomy":"author","embeddable":true,"href":"https:\/\/revista.puertadeafrica.com\/index.php\/wp-json\/wp\/v2\/ppma_author?post=123"}],"curies":[{"name":"wp","href":"https:\/\/api.w.org\/{rel}","templated":true}]}}