{"id":40,"date":"2020-04-19T07:09:19","date_gmt":"2020-04-19T07:09:19","guid":{"rendered":"https:\/\/puertadeafrica.wordpress.com\/?page_id=6"},"modified":"2020-04-19T07:09:19","modified_gmt":"2020-04-19T07:09:19","slug":"blog","status":"publish","type":"page","link":"https:\/\/revista.puertadeafrica.com\/index.php\/blog\/","title":{"rendered":"Puerta de \u00c1frica"},"content":{"rendered":"\n<div class=\"wp-block-cover alignfull has-background-dim-10 has-background-dim is-style-default\" style=\"background-image:url('https:\/\/puertadeafrica.files.wordpress.com\/2020\/04\/dsc_0405.jpg');\"><div class=\"wp-block-cover__inner-container\">\n<div class=\"wp-block-jetpack-layout-grid column1-desktop-grid__span-12 column1-desktop-grid__row-1 column1-tablet-grid__span-8 column1-tablet-grid__row-1 column1-mobile-grid__span-4 column1-mobile-grid__row-1\">\n<div class=\"wp-block-jetpack-layout-grid-column wp-block-jetpack-layout-grid__padding-none\">\n<h1 class=\"has-text-align-center wp-block-heading\">THINK-AND-DO TANK JUVENIL<\/h1>\n\n\n\n<p class=\"has-text-align-center\"><strong>\u00c1frica es un continente profundamente desconocido y queremos abrir sus puertas a todos los hispanohablantes. La Puerta de \u00c1frica es el primer blog colaborativo sobre \u00c1frica y las relaciones euroafricanas que adem\u00e1s busca fomentar el empoderamiento juvenil y la investigaci\u00f3n, para contribuir a la Agenda 2063 y a los Objetivos de Desarrollo Sostenible<\/strong>.<\/p>\n\n\n\n<div class=\"wp-block-buttons aligncenter is-layout-flex\">\n<div class=\"wp-block-button\"><a class=\"wp-block-button__link has-vivid-red-color has-vivid-red-background-color has-text-color has-background\" href=\"www.puertadeafrica.com\/colabora\" title=\"learn.wordpress.com\" style=\"border-radius:28px;\"><span class=\"has-inline-color has-very-light-gray-color\"><strong>Colabora<\/strong><\/span><\/a><\/div>\n<\/div>\n<\/div>\n<\/div>\n\n\n\n<p><\/p>\n<\/div><\/div>\n\n\n\n<div class=\"wp-block-group alignfull has-background-background-color has-background\"><div class=\"wp-block-group__inner-container is-layout-flow\">\n<div class=\"wp-block-jetpack-layout-grid alignfull column1-desktop-grid__span-12 column1-desktop-grid__row-1 column1-tablet-grid__span-8 column1-tablet-grid__row-1 column1-mobile-grid__span-4 column1-mobile-grid__row-1\">\n<div class=\"wp-block-jetpack-layout-grid-column wp-block-jetpack-layout-grid__padding-none\">\n<h4 class=\"wp-block-heading\">Entradas recientes<\/h4>\n\n\n<\/div>\n<\/div>\n<\/div><\/div>\n\n\n\n<div class=\"wp-block-group alignfull has-foreground-dark-background-color has-background\"><div class=\"wp-block-group__inner-container is-layout-flow\">\n<div class=\"wp-block-jetpack-layout-grid alignfull column1-desktop-grid__span-12 column1-desktop-grid__row-1 column1-tablet-grid__span-8 column1-tablet-grid__row-1 column1-mobile-grid__span-4 column1-mobile-grid__row-1\">\n<div class=\"wp-block-jetpack-layout-grid-column wp-block-jetpack-layout-grid__padding-none\">\n<p>Si deseas recibir nuestra Newsletter mensual, <a href=\"https:\/\/docs.google.com\/forms\/d\/e\/1FAIpQLSfmM750KbFh7rrb6ZbzD51qYUIpB2iRzz5pGXeRud-he1owpQ\/viewform?usp=sf_link\" target=\"_blank\" rel=\"noreferrer noopener\">inscr\u00edbete aqu\u00ed. <\/a><\/p>\n<\/div>\n<\/div>\n<\/div><\/div>\n\n\n\n<p><\/p>\n","protected":false},"excerpt":{"rendered":"","protected":false},"author":2,"featured_media":0,"parent":0,"menu_order":1,"comment_status":"closed","ping_status":"closed","template":"","meta":{"_monsterinsights_skip_tracking":false,"_monsterinsights_sitenote_active":false,"_monsterinsights_sitenote_note":"","_monsterinsights_sitenote_category":0},"ppma_author":[411],"_links":{"self":[{"href":"https:\/\/revista.puertadeafrica.com\/index.php\/wp-json\/wp\/v2\/pages\/40"}],"collection":[{"href":"https:\/\/revista.puertadeafrica.com\/index.php\/wp-json\/wp\/v2\/pages"}],"about":[{"href":"https:\/\/revista.puertadeafrica.com\/index.php\/wp-json\/wp\/v2\/types\/page"}],"author":[{"embeddable":true,"href":"https:\/\/revista.puertadeafrica.com\/index.php\/wp-json\/wp\/v2\/users\/2"}],"replies":[{"embeddable":true,"href":"https:\/\/revista.puertadeafrica.com\/index.php\/wp-json\/wp\/v2\/comments?post=40"}],"version-history":[{"count":0,"href":"https:\/\/revista.puertadeafrica.com\/index.php\/wp-json\/wp\/v2\/pages\/40\/revisions"}],"wp:attachment":[{"href":"https:\/\/revista.puertadeafrica.com\/index.php\/wp-json\/wp\/v2\/media?parent=40"}],"wp:term":[{"taxonomy":"author","embeddable":true,"href":"https:\/\/revista.puertadeafrica.com\/index.php\/wp-json\/wp\/v2\/ppma_author?post=40"}],"curies":[{"name":"wp","href":"https:\/\/api.w.org\/{rel}","templated":true}]}}