{"id":42,"date":"2020-04-19T07:09:17","date_gmt":"2020-04-19T07:09:17","guid":{"rendered":"https:\/\/puertadeafrica.wordpress.com\/?page_id=8"},"modified":"2020-04-19T07:09:17","modified_gmt":"2020-04-19T07:09:17","slug":"colabora","status":"publish","type":"page","link":"https:\/\/revista.puertadeafrica.com\/index.php\/colabora\/","title":{"rendered":""},"content":{"rendered":"\n<div class=\"wp-block-group alignfull has-white-color has-vivid-red-background-color has-text-color has-background\"><div class=\"wp-block-group__inner-container is-layout-flow\">\n<div style=\"height:10px;\" aria-hidden=\"true\" class=\"wp-block-spacer\"><\/div>\n\n\n\n<div style=\"height:10px;\" aria-hidden=\"true\" class=\"wp-block-spacer\"><\/div>\n\n\n\n<p class=\"has-text-align-center\" style=\"font-size:26px;\"><strong>\u00bfQU\u00c9 HACEMOS EN PUERTA DE \u00c1FRICA?<\/strong><\/p>\n\n\n\n<div style=\"height:6px;\" aria-hidden=\"true\" class=\"wp-block-spacer\"><\/div>\n\n\n\n<p class=\"has-text-align-center\">Puerta de \u00c1frica es el lugar para todas aquellas personas que quieren aprender sobre asuntos africanos, contribu\u00edr a la investigaci\u00f3n en las Agendas de Desarrollo y transformar la narrativa sobre el continente africano.<\/p>\n\n\n\n<div style=\"height:35px;\" aria-hidden=\"true\" class=\"wp-block-spacer\"><\/div>\n\n\n\n<p class=\"has-text-align-center\">T\u00fa, junto a m\u00e1s j\u00f3venes inquietos, debatir\u00e9is sobre las realidades del continente africano, escribir\u00e9is art\u00edculos para dar a conocer todo aquello que descubr\u00e1is, os embarcar\u00e9is en investigaciones, podr\u00e9is organizar actos, eventos y actividades, o proponer proyectos que puedan transformar el status quo.<\/p>\n\n\n\n<div style=\"height:39px;\" aria-hidden=\"true\" class=\"wp-block-spacer\"><\/div>\n<\/div><\/div>\n\n\n\n<p><\/p>\n\n\n\n<p class=\"has-text-align-center has-vivid-red-color has-text-color\" style=\"font-size:26px;\"><strong>\u00bfC\u00d3MO PUEDO UNIRME Y COLABORAR?<\/strong><\/p>\n\n\n\n<p class=\"has-text-align-left\">Una vez dentro del equipo de colaboradores\/as, podr\u00e1s integrarte en el <strong>Departamento de Investigaci\u00f3n<\/strong> o en el <strong>Departamento de Eventos y Emprendimiento<\/strong>. <\/p>\n\n\n\n<p class=\"has-text-align-left\">En investigaci\u00f3n podr\u00e1s publicar <em>un art\u00edculo mensual o una investigaci\u00f3n trimestral<\/em>. En Eventos y Emprendimiento, podr\u00e1s <em>co-organizar<\/em> <em>charlas, debates, foros, cursos, encuentros<\/em>,&#8230; o dise\u00f1ar y ejecutar tu propio <em>proyecto sostenible<\/em> dentro de la organizaci\u00f3n. Si nunca lo has hecho&#8230; \u00a1no tengas miedo, nosotros te formamos!<\/p>\n\n\n\n<p>De forma peri\u00f3dica sacamos vacantes con tareas muy espec\u00edficas en los diferentes departamentos. Edici\u00f3n, comunicaci\u00f3n, captaci\u00f3n de fondos,..<\/p>\n\n\n\n<p class=\"has-text-align-center has-vivid-red-color has-text-color\" style=\"font-size:26px;\"><strong>\u00bfCUANDO PUEDO UNIRME?<\/strong><\/p>\n\n\n\n<p>Actualmente no hay convocatoria abierta para formar parte del equipo de colaboradores\/as. \u00a1Te recomendamos que est\u00e9s atento\/a a nuestras redes sociales para que no se te escape la siguiente! <\/p>\n\n\n\n<p>Sin embargo, hay otras formas con las que puedes participar en el proyecto. No dudes en ponerte en contacto con el equipo si tienes alguna idea espec\u00edfica para un proyecto o actividad. <\/p>\n\n\n\n<div class=\"wp-block-group alignfull has-white-color has-vivid-red-background-color has-text-color has-background\"><div class=\"wp-block-group__inner-container is-layout-flow\">\n<div style=\"height:1px;\" aria-hidden=\"true\" class=\"wp-block-spacer\"><\/div>\n\n\n\n<div class=\"wp-block-columns alignwide is-layout-flex wp-container-4\">\n<div class=\"wp-block-column is-layout-flow\" style=\"flex-basis:50%;\">\n<h3 class=\"wp-block-heading\" style=\"font-size:50px;\">\u00bfTe surgen dudas?<\/h3>\n\n\n\n<p style=\"font-size:20px;\">Rellena el formulario de contacto o escr\u00edbenos a <a href=\"mailto:euroafricanos@gmail.com\">euroafricanos@gmail.com<\/a> <\/p>\n<\/div>\n\n\n\n<div class=\"wp-block-column is-layout-flow\" style=\"flex-basis:50%;\">\n\n\n\n\n\n\n\n<\/div>\n<\/div>\n\n\n\n<div style=\"height:60px;\" aria-hidden=\"true\" class=\"wp-block-spacer\"><\/div>\n<\/div><\/div>\n\n\n\n<p><\/p>\n","protected":false},"excerpt":{"rendered":"<p>\u00bfQU\u00c9 HACEMOS EN PUERTA DE \u00c1FRICA? Puerta de \u00c1frica es el lugar para todas aquellas personas que quieren aprender sobre asuntos africanos, contribu\u00edr a la investigaci\u00f3n en las Agendas de Desarrollo y transformar la narrativa sobre el continente africano. T\u00fa, junto a m\u00e1s j\u00f3venes inquietos, debatir\u00e9is sobre las realidades del [&hellip;]<\/p>\n","protected":false},"author":2,"featured_media":0,"parent":0,"menu_order":0,"comment_status":"closed","ping_status":"closed","template":"","meta":{"_monsterinsights_skip_tracking":false,"_monsterinsights_sitenote_active":false,"_monsterinsights_sitenote_note":"","_monsterinsights_sitenote_category":0},"ppma_author":[411],"_links":{"self":[{"href":"https:\/\/revista.puertadeafrica.com\/index.php\/wp-json\/wp\/v2\/pages\/42"}],"collection":[{"href":"https:\/\/revista.puertadeafrica.com\/index.php\/wp-json\/wp\/v2\/pages"}],"about":[{"href":"https:\/\/revista.puertadeafrica.com\/index.php\/wp-json\/wp\/v2\/types\/page"}],"author":[{"embeddable":true,"href":"https:\/\/revista.puertadeafrica.com\/index.php\/wp-json\/wp\/v2\/users\/2"}],"replies":[{"embeddable":true,"href":"https:\/\/revista.puertadeafrica.com\/index.php\/wp-json\/wp\/v2\/comments?post=42"}],"version-history":[{"count":0,"href":"https:\/\/revista.puertadeafrica.com\/index.php\/wp-json\/wp\/v2\/pages\/42\/revisions"}],"wp:attachment":[{"href":"https:\/\/revista.puertadeafrica.com\/index.php\/wp-json\/wp\/v2\/media?parent=42"}],"wp:term":[{"taxonomy":"author","embeddable":true,"href":"https:\/\/revista.puertadeafrica.com\/index.php\/wp-json\/wp\/v2\/ppma_author?post=42"}],"curies":[{"name":"wp","href":"https:\/\/api.w.org\/{rel}","templated":true}]}}