{"id":43,"date":"2020-04-19T07:09:16","date_gmt":"2020-04-19T07:09:16","guid":{"rendered":"https:\/\/puertadeafrica.wordpress.com\/?page_id=9"},"modified":"2020-04-19T07:09:16","modified_gmt":"2020-04-19T07:09:16","slug":"about","status":"publish","type":"page","link":"https:\/\/revista.puertadeafrica.com\/index.php\/about\/","title":{"rendered":"Acerca de"},"content":{"rendered":"\n<div style=\"height:20px;\" aria-hidden=\"true\" class=\"wp-block-spacer\"><\/div>\n\n\n\n<p>La Puerta de \u00c1frica es un proyecto juvenil apol\u00edtico nacido a principios de 2020 cuya visi\u00f3n es transformarse en el primer Think Tank juvenil sobre el continente africano en Espa\u00f1a. Con ello, buscamos contribuir a la especializaci\u00f3n temprana de los j\u00f3venes de nuestro pa\u00eds y reflexionar sobre los retos de la Agenda 2063, los Objetivos de Desarrollo Sostenible y el III Plan \u00c1frica.<\/p>\n\n\n\n<p>Nuestra <strong>misi\u00f3n<\/strong> es investigar, desmitificar y divulgar sobre el continente. Tenemos claro que queremos contribuir al desarrollo de \u00c1frica y creemos que, desde este lado del Mediterr\u00e1neo, la manera es form\u00e1ndonos y haciendo llegar a la ciudadan\u00eda informaci\u00f3n de calidad.<\/p>\n\n\n\n<p>Nuestra <strong>visi\u00f3n<\/strong> es convertirnos en un Think-Thank juvenil con relevancia a nivel internacional. Creemos que facilitando la especializaci\u00f3n temprana contribuiremos a los Objetivos de Desarrollo Sostenible.<\/p>\n\n\n\n<p>Para conseguirlo hemos establecido cinco l\u00edneas de actuaci\u00f3n:<\/p>\n\n\n\n<ul><li>La publicaci\u00f3n de art\u00edculos e investigaciones desde un plano multidimensional: econom\u00eda, pol\u00edtica, negocios, cultura, urbanismo, seguridad o relaciones internacionales, entre otros.<\/li><li>La organizaci\u00f3n de eventos y actividades relacionadas con el continente africano para fomentar el conocimiento entre la sociedad civil.<\/li><li>Participar en actividades internacionales organizadas por instituciones y universidades africanas o sobre tem\u00e1ticas africanas.<\/li><li>La conexi\u00f3n con entidades juveniles alrededor del continente africano con quienes podamos impulsar grupos de trabajo y reflexi\u00f3n conjunta.<\/li><li>Mejora de las habilidades acad\u00e9micas e interpersonales de la juventud, con especial atenci\u00f3n a la di\u00e1spora africana.<\/li><\/ul>\n\n\n\n<p>Si quieres colaborar con nosotros visita el apartado <a href=\"http:\/\/puertadeafrica.com\/colabora\">COLABORA<\/a>.<\/p>\n\n\n\n<p>Si deseas recibir nuestra <strong>Newsletter <\/strong>mensual, <a href=\"https:\/\/docs.google.com\/forms\/d\/e\/1FAIpQLSfmM750KbFh7rrb6ZbzD51qYUIpB2iRzz5pGXeRud-he1owpQ\/viewform?usp=sf_link\" target=\"_blank\" rel=\"noreferrer noopener\">inscr\u00edbete aqu\u00ed.<\/a><\/p>\n\n\n\n<div class=\"wp-block-group alignfull is-layout-flow\"><div class=\"wp-block-group__inner-container\"><\/div><\/div>\n\n\n\n<p><\/p>\n","protected":false},"excerpt":{"rendered":"<p>La Puerta de \u00c1frica es un proyecto juvenil apol\u00edtico nacido a principios de 2020 cuya visi\u00f3n es transformarse en el primer Think Tank juvenil sobre el continente africano en Espa\u00f1a. Con ello, buscamos contribuir a la especializaci\u00f3n temprana de los j\u00f3venes de nuestro pa\u00eds y reflexionar sobre los retos de [&hellip;]<\/p>\n","protected":false},"author":2,"featured_media":0,"parent":0,"menu_order":0,"comment_status":"closed","ping_status":"closed","template":"","meta":{"_monsterinsights_skip_tracking":false,"_monsterinsights_sitenote_active":false,"_monsterinsights_sitenote_note":"","_monsterinsights_sitenote_category":0},"ppma_author":[411],"_links":{"self":[{"href":"https:\/\/revista.puertadeafrica.com\/index.php\/wp-json\/wp\/v2\/pages\/43"}],"collection":[{"href":"https:\/\/revista.puertadeafrica.com\/index.php\/wp-json\/wp\/v2\/pages"}],"about":[{"href":"https:\/\/revista.puertadeafrica.com\/index.php\/wp-json\/wp\/v2\/types\/page"}],"author":[{"embeddable":true,"href":"https:\/\/revista.puertadeafrica.com\/index.php\/wp-json\/wp\/v2\/users\/2"}],"replies":[{"embeddable":true,"href":"https:\/\/revista.puertadeafrica.com\/index.php\/wp-json\/wp\/v2\/comments?post=43"}],"version-history":[{"count":0,"href":"https:\/\/revista.puertadeafrica.com\/index.php\/wp-json\/wp\/v2\/pages\/43\/revisions"}],"wp:attachment":[{"href":"https:\/\/revista.puertadeafrica.com\/index.php\/wp-json\/wp\/v2\/media?parent=43"}],"wp:term":[{"taxonomy":"author","embeddable":true,"href":"https:\/\/revista.puertadeafrica.com\/index.php\/wp-json\/wp\/v2\/ppma_author?post=43"}],"curies":[{"name":"wp","href":"https:\/\/api.w.org\/{rel}","templated":true}]}}